{"id":60223,"date":"2023-06-06T18:51:19","date_gmt":"2023-06-06T18:51:19","guid":{"rendered":"https:\/\/interculturacostarica.com\/?page_id=60223"},"modified":"2024-04-03T22:01:49","modified_gmt":"2024-04-03T22:01:49","slug":"datenschutzerklaerung","status":"publish","type":"page","link":"https:\/\/interculturacostarica.com\/de\/datenschutzerklaerung\/","title":{"rendered":"Datenschutzerkl\u00e4rung"},"content":{"rendered":"<div id=\"pl-60223\"  class=\"panel-layout\" ><div id=\"pg-60223-0\"  class=\"panel-grid panel-no-style\" ><div id=\"pgc-60223-0-0\"  class=\"panel-grid-cell\" ><div id=\"panel-60223-0-0-0\" class=\"widget_text so-panel widget widget_custom_html panel-first-child panel-last-child\" data-index=\"0\" ><div class=\"textwidget custom-html-widget\"><h2 class=\"privacy-policy-h1\">Datenschutzrichtlinie<\/h2>\n<br><span>Zuletzt aktualisiert am 02. April 2024<\/span>\n<br><span>Wirksamkeitsdatum 02. April 2024<\/span>\n\n<p class=\"privacy-policy-p\">\n    Diese Datenschutzrichtlinie beschreibt die Richtlinien der\n\n    S\u00e1mara Sprachschule,\n    150 Meter s\u00fcdlich vom Hostel El Dorado, gegen\u00fcber vom Strand, S\u00e1mara,\n    S\u00e1mara, Nicoya, Guanacaste\n    50205,\n    Costa Rica,\n    E-Mail: hola@conkalmastudio.com,\n    Telefon: +50626563000\n\n    bez\u00fcglich der Erfassung, Nutzung und Offenlegung Ihrer Informationen, die wir sammeln,\n    wenn Sie unsere Website ( https:\/\/interculturacostarica.com ) nutzen.\n    (der \u201eDienst\u201c). Durch den Zugriff auf oder die Nutzung\n    des\n    Dienstes stimmen Sie der Erfassung, Nutzung und\n    Offenlegung Ihrer Informationen gem\u00e4\u00df dieser\n    Datenschutzrichtlinie zu. Wenn Sie dem nicht zustimmen,\n    greifen Sie bitte nicht auf den Dienst zu und nutzen Sie ihn nicht.\n<\/p>\n\n<p class=\"privacy-policy-p\">\n    Wir k\u00f6nnen diese Datenschutzrichtlinie jederzeit ohne\n    vorherige Ank\u00fcndigung an Sie \u00e4ndern und werden die \u00fcberarbeitete\n    Datenschutzrichtlinie im Dienst ver\u00f6ffentlichen. Die \u00fcberarbeitete Richtlinie wird\n    180 Tage nachdem die \u00fcberarbeitete Richtlinie im Dienst ver\u00f6ffentlicht wurde wirksam und Ihr\n    fortgesetzter Zugriff oder die Nutzung des Dienstes nach dieser Zeit\n    gilt als Ihre Zustimmung zur \u00fcberarbeiteten Datenschutzrichtlinie. Wir empfehlen Ihnen daher, diese Seite regelm\u00e4\u00dfig zu \u00fcberpr\u00fcfen.\n<\/p>\n\n<ol class=\"privacy-policy-ol\">\n        <li>\n        <h2 class=\"privacy-policy-h2\">\n            Informationen, die wir sammeln:\n        <\/h2>\n\n        \n        <p class=\"privacy-policy-p\">\n            Wir werden die folgenden\n            pers\u00f6nlichen Informationen \u00fcber Sie sammeln und verarbeiten:\n        <\/p>\n        <ol class=\"privacy-policy-ol\">\n\n                        <li>Name<\/li>\n            \n                        <li>E-Mail<\/li>\n            \n                        <li>Mobilnummer<\/li>\n            \n            \n                        <li>Geburtsdatum<\/li>\n            \n                        <li>Adresse<\/li>\n            \n            \n                        <li>Zahlungsinformationen<\/li>\n                        \n                                    <li>Geschlecht<\/li>\n                                                <li>Beruf<\/li>\n                        \n        <\/ol>\n        \n\n        \n\n    <\/li>\n\n    \n    \n\n        <li>\n        <h2 class=\"privacy-policy-h2\">\n            Wie wir Ihre Informationen verwenden:\n        <\/h2>\n        <p class=\"privacy-policy-p\">\n            Wir verwenden die \u00fcber Sie gesammelten Informationen zu folgenden Zwecken:\n        <\/p>\n        <ol class=\"privacy-policy-ol\">\n\n                        <li>Marketing\/Werbung<\/li>\n            \n                        <li>Erstellung eines Benutzerkontos<\/li>\n            \n                        <li>Testimonials<\/li>\n            \n                        <li>Sammlung von Kundenfeedback<\/li>\n            \n            \n                        <li>Zahlungsabwicklung<\/li>\n            \n                        <li>Support<\/li>\n            \n                        <li>Verwaltungsinformationen<\/li>\n            \n                        <li>Zielgerichtete Werbung<\/li>\n            \n                        <li>Verwaltung von Kundenbestellungen<\/li>\n            \n            \n            \n            \n            \n        <\/ol>\n        <p class=\"privacy-policy-p\">\n            Falls wir Ihre Informationen f\u00fcr andere Zwecke verwenden m\u00f6chten, werden wir Ihre Zustimmung einholen und\n            Ihre Informationen nur nach Erhalt Ihrer\n            Zustimmung und dann nur f\u00fcr den\/die Zweck(e) verwenden,\n            f\u00fcr die Sie Ihre Zustimmung erteilt haben, es sei denn, wir sind gesetzlich dazu verpflichtet.\n        <\/p>\n    <\/li>\n    \n    \n    <li>\n        <h2 class=\"privacy-policy-h2\">\n            Wie wir Ihre Informationen teilen:\n        <\/h2>\n\n\n                <p class=\"privacy-policy-p\">\n            Wir werden Ihre pers\u00f6nlichen Informationen nicht ohne Ihre Zustimmung an Dritte weitergeben,\n            au\u00dfer unter begrenzten Umst\u00e4nden wie unten beschrieben:\n        <\/p>\n        <ol class=\"privacy-policy-ol\">\n                        <li>Werbungsdienste<\/li>\n            \n            \n            \n            \n                        <li>Analysen<\/li>\n            \n                        <li>Zahlungswiederherstellungsdienste<\/li>\n            \n                        <li>Datensammlung & -verarbeitung<\/li>\n                    <\/ol>\n        \n        <p class=\"privacy-policy-p\">\n            Wir verlangen von solchen Dritten, die pers\u00f6nlichen Informationen, die wir an sie \u00fcbertragen, nur\n            f\u00fcr den Zweck zu verwenden, f\u00fcr den sie \u00fcbertragen wurden, und sie nicht l\u00e4nger als erforderlich f\u00fcr\n            die Erf\u00fcllung des genannten Zwecks aufzubewahren.\n        <\/p>\n        <p class=\"privacy-policy-p\">\n            Wir k\u00f6nnen Ihre pers\u00f6nlichen Informationen auch aus folgenden Gr\u00fcnden offenlegen: (1) um geltendes\n            Recht, Vorschriften, Gerichtsbeschl\u00fcsse oder andere rechtliche\n            Verfahren einzuhalten; (2) um Ihre Vereinbarungen mit uns durchzusetzen,\n            einschlie\u00dflich dieser Datenschutzrichtlinie; oder (3) um auf\n            Behauptungen zu reagieren, dass Ihre Nutzung des Dienstes\n            die Rechte Dritter verletzt. Wenn der Dienst oder unser\n            Unternehmen mit einem anderen\n            Unternehmen fusioniert oder \u00fcbernommen wird, werden Ihre Informationen eines der\n            Verm\u00f6genswerte sein, die an den neuen Eigent\u00fcmer \u00fcbertragen werden.\n        <\/p>\n    <\/li>\n    \n\n        <li>\n        <h2 class=\"privacy-policy-h2\">\n            Aufbewahrung Ihrer Informationen:\n        <\/h2>\n        <p class=\"privacy-policy-p\">\n            Wir werden Ihre pers\u00f6nlichen Informationen bei uns behalten f\u00fcr\n                        90 Tage bis 2 Jahre nachdem Benutzer ihre Konten beenden\n                        oder solange wir sie ben\u00f6tigen, um die Zwecke zu erf\u00fcllen,\n            f\u00fcr die sie gesammelt wurden, wie in dieser Datenschutzrichtlinie detailliert beschrieben. Es kann sein, dass wir bestimmte\n            Informationen l\u00e4nger aufbewahren m\u00fcssen, z.B. f\u00fcr\n            Buchf\u00fchrung\/Berichterstattung gem\u00e4\u00df geltendem Recht oder aus anderen legitimen Gr\u00fcnden\n            wie der Durchsetzung von Rechtsanspr\u00fcchen, Betrugspr\u00e4vention usw. Restliche anonyme Informationen\n            und aggregierte Informationen, die Sie nicht identifizieren (direkt oder indirekt), k\u00f6nnen unbegrenzt gespeichert werden.\n        <\/p>\n    <\/li>\n    \n    <li>\n        <h2 class=\"privacy-policy-h2\">\n            Ihre Rechte:\n        <\/h2>\n        <p class=\"privacy-policy-p\">\n            Abh\u00e4ngig vom anwendbaren Recht haben Sie m\u00f6glicherweise das Recht, Zugang zu erhalten und Ihre\n            pers\u00f6nlichen Daten zu berichtigen oder zu l\u00f6schen oder eine Kopie Ihrer pers\u00f6nlichen Daten zu erhalten, die aktive\n            Verarbeitung Ihrer Daten einzuschr\u00e4nken oder dagegen Einspruch zu erheben, uns zu bitten, Ihre\n            pers\u00f6nlichen Informationen an eine andere Einheit zu \u00fcbertragen,\n            jede von Ihnen erteilte Zustimmung zur Verarbeitung Ihrer Daten durch uns zur\u00fcckzuziehen, ein Beschwerderecht bei einer staatlichen Beh\u00f6rde einzureichen und andere relevante Rechte gem\u00e4\u00df den geltenden Gesetzen. Um diese Rechte auszu\u00fcben, k\u00f6nnen Sie uns unter\n            info@interculturacostarica.com schreiben.\n            Wir werden auf Ihre\n            Anfrage gem\u00e4\u00df dem geltenden Recht reagieren.\n        <\/p>\n\n                <p class=\"privacy-policy-p\">\n            Sie k\u00f6nnen sich von Direktmarketing-Kommunikationen oder dem Profiling, das wir f\u00fcr\n            Marketingzwecke durchf\u00fchren, abmelden, indem Sie uns unter\n            info@interculturacostarica.com schreiben.\n        <\/p>\n        \n        <p class=\"privacy-policy-p\">\n            Beachten Sie bitte, dass wenn Sie uns nicht erlauben, die erforderlichen pers\u00f6nlichen Informationen zu sammeln oder zu verarbeiten oder die Zustimmung zur Verarbeitung derselben f\u00fcr die erforderlichen Zwecke zur\u00fcckziehen, Sie m\u00f6glicherweise nicht auf die Dienste zugreifen oder sie nutzen k\u00f6nnen, f\u00fcr die Ihre Informationen angefragt wurden.\n        <\/p>\n    <\/li>\n        <li>\n        <h2 class=\"privacy-policy-h2\">\n            Cookies usw.\n        <\/h2>\n        <p class=\"privacy-policy-p\">\n\n            \n            Um mehr dar\u00fcber zu erfahren, wie wir diese verwenden\n            und Ihre Wahlm\u00f6glichkeiten im Zusammenhang mit diesen Tracking-\n            Technologien, lesen Sie bitte unsere\n            <a href=\"https:\/\/interculturacostarica.com\/cookie-policy\/\">Cookie-Richtlinie.<\/a>\n        <\/p>\n    <\/li>\n    \n    <li>\n        <h2 class=\"privacy-policy-h2\">\n            Sicherheit:\n        <\/h2>\n        <p class=\"privacy-policy-p\">\n            Die Sicherheit Ihrer Informationen ist uns wichtig und wir werden angemessene Sicherheitsma\u00dfnahmen ergreifen,\n            um den Verlust, den Missbrauch oder die unautorisierte \u00c4nderung Ihrer Informationen unter unserer\n            Kontrolle zu verhindern. Allerdings k\u00f6nnen wir angesichts der inh\u00e4renten Risiken keine absolute Sicherheit garantieren und\n            folglich k\u00f6nnen wir die Sicherheit keiner Informationen, die Sie an uns \u00fcbertragen, garantieren und Sie tun dies auf eigenes Risiko.\n        <\/p>\n    <\/li>\n\n        <li>\n        <h2 class=\"privacy-policy-h2\">\n            Links Dritter & Verwendung Ihrer Informationen:\n        <\/h2>\n        <p class=\"privacy-policy-p\">\n            Unser Dienst kann Links zu anderen Websites enthalten, die nicht von uns betrieben werden. Diese Datenschutzrichtlinie adressiert nicht die Datenschutzpolitik und andere Praktiken von Drittanbietern, einschlie\u00dflich jedes Drittanbieters, der eine Website oder einen Dienst betreibt, der \u00fcber einen Link auf dem\n            Dienst zug\u00e4nglich sein k\u00f6nnte. Wir raten Ihnen dringend, die Datenschutzrichtlinie jeder von Ihnen besuchten Seite zu \u00fcberpr\u00fcfen. Wir haben keine Kontrolle \u00fcber und \u00fcbernehmen keine Verantwortung f\u00fcr den Inhalt, die Datenschutzrichtlinien oder Praktiken von Websites Dritter oder Diensten.\n        <\/p>\n    <\/li>\n    \n    <li>\n        <h2 class=\"privacy-policy-h2\">\n            Beschwerdestelle \/ Datenschutzbeauftragter:\n        <\/h2>\n        <p class=\"privacy-policy-p\">\n            Wenn Sie Fragen oder Bedenken bez\u00fcglich der Verarbeitung Ihrer Informationen haben, die bei uns vorliegen, k\u00f6nnen Sie unseren Beschwerdebeauftragten per E-Mail kontaktieren bei\n            S\u00e1mara Sprachschule,\n            150 Meter s\u00fcdlich vom Hostel El Dorado, gegen\u00fcber vom Strand, S\u00e1mara,\n            E-Mail: info@interculturacostarica.com.\n            Wir werden Ihre Bedenken gem\u00e4\u00df dem geltenden Recht behandeln.\n        <\/p>\n    <\/li>\n<\/ol>\n<p class=\"privacy-policy-p\">\n    Datenschutzrichtlinie erstellt mit <a target=\"_blank\" href=\"https:\/\/www.cookieyes.com\/?utm_source=PP&utm_medium=footer&utm_campaign=UW\">CookieYes<\/a>.\n<\/p><\/div><\/div><\/div><\/div><\/div>","protected":false},"excerpt":{"rendered":"<p>Datenschutzrichtlinie Zuletzt aktualisiert am 02. April 2024 Wirksamkeitsdatum 02. April 2024 Diese Datenschutzrichtlinie beschreibt die Richtlinien der S\u00e1mara Sprachschule, 150 Meter s\u00fcdlich vom Hostel El Dorado, gegen\u00fcber vom Strand, S\u00e1mara, S\u00e1mara, Nicoya, Guanacaste 50205, Costa Rica, E-Mail: hola@conkalmastudio.com, Telefon: +50626563000 &hellip; <\/p>\n","protected":false},"author":0,"featured_media":0,"parent":0,"menu_order":0,"comment_status":"closed","ping_status":"closed","template":"","meta":{"content-type":"","footnotes":""},"class_list":["post-60223","page","type-page","status-publish","hentry"],"yoast_head":"<!-- This site is optimized with the Yoast SEO Premium plugin v27.0 (Yoast SEO v27.2) - https:\/\/yoast.com\/product\/yoast-seo-premium-wordpress\/ -->\n<title>Datenschutzerkl\u00e4rung - Intercultura Costa Rica<\/title>\n<meta name=\"robots\" content=\"index, follow, max-snippet:-1, max-image-preview:large, max-video-preview:-1\" \/>\n<link rel=\"canonical\" href=\"https:\/\/interculturacostarica.com\/de\/datenschutzerklaerung\/\" \/>\n<meta property=\"og:locale\" content=\"de_DE\" \/>\n<meta property=\"og:type\" content=\"article\" \/>\n<meta property=\"og:title\" content=\"Spanish Immersion School Intercultura Costa Rica\" \/>\n<meta property=\"og:description\" content=\"At Intercultura Costa Rica Spanish School we offer a Spanish immersion program that suits all ages and Spanish levels. Study at our beachfront campus or city campus in Costa Rica.\" \/>\n<meta property=\"og:url\" content=\"https:\/\/interculturacostarica.com\/de\/datenschutzerklaerung\/\" \/>\n<meta property=\"og:site_name\" content=\"Intercultura Costa Rica\" \/>\n<meta property=\"article:publisher\" content=\"https:\/\/www.facebook.com\/InterculturaCostaRica\" \/>\n<meta property=\"article:modified_time\" content=\"2024-04-03T22:01:49+00:00\" \/>\n<meta property=\"og:image\" content=\"https:\/\/mlal7urcwwck.i.optimole.com\/w:auto\/h:auto\/q:mauto\/f:best\/https:\/\/interculturacostarica.com\/wp-content\/uploads\/2021\/09\/Spanish-on-Campus-WebP.webp\" \/>\n\t<meta property=\"og:image:width\" content=\"1920\" \/>\n\t<meta property=\"og:image:height\" content=\"1440\" \/>\n\t<meta property=\"og:image:type\" content=\"image\/webp\" \/>\n<meta name=\"twitter:card\" content=\"summary_large_image\" \/>\n<meta name=\"twitter:label1\" content=\"Gesch\u00e4tzte Lesezeit\" \/>\n\t<meta name=\"twitter:data1\" content=\"4\u00a0Minuten\" \/>\n<script type=\"application\/ld+json\" class=\"yoast-schema-graph\">{\"@context\":\"https:\/\/schema.org\",\"@graph\":[{\"@type\":\"Article\",\"@id\":\"https:\/\/interculturacostarica.com\/de\/datenschutzerklaerung\/#article\",\"isPartOf\":{\"@id\":\"https:\/\/interculturacostarica.com\/de\/datenschutzerklaerung\/\"},\"author\":{\"name\":\"\",\"@id\":\"\"},\"headline\":\"Datenschutzerkl\u00e4rung\",\"datePublished\":\"2023-06-06T18:51:19+00:00\",\"dateModified\":\"2024-04-03T22:01:49+00:00\",\"mainEntityOfPage\":{\"@id\":\"https:\/\/interculturacostarica.com\/de\/datenschutzerklaerung\/\"},\"wordCount\":11,\"publisher\":{\"@id\":\"https:\/\/interculturacostarica.com\/de\/#organization\"},\"inLanguage\":\"de\"},{\"@type\":\"WebPage\",\"@id\":\"https:\/\/interculturacostarica.com\/de\/datenschutzerklaerung\/\",\"url\":\"https:\/\/interculturacostarica.com\/de\/datenschutzerklaerung\/\",\"name\":\"Datenschutzerkl\u00e4rung - Intercultura Costa Rica\",\"isPartOf\":{\"@id\":\"https:\/\/interculturacostarica.com\/de\/#website\"},\"datePublished\":\"2023-06-06T18:51:19+00:00\",\"dateModified\":\"2024-04-03T22:01:49+00:00\",\"breadcrumb\":{\"@id\":\"https:\/\/interculturacostarica.com\/de\/datenschutzerklaerung\/#breadcrumb\"},\"inLanguage\":\"de\",\"potentialAction\":[{\"@type\":\"ReadAction\",\"target\":[\"https:\/\/interculturacostarica.com\/de\/datenschutzerklaerung\/\"]}]},{\"@type\":\"BreadcrumbList\",\"@id\":\"https:\/\/interculturacostarica.com\/de\/datenschutzerklaerung\/#breadcrumb\",\"itemListElement\":[{\"@type\":\"ListItem\",\"position\":1,\"name\":\"Home\",\"item\":\"https:\/\/interculturacostarica.com\/de\/\"},{\"@type\":\"ListItem\",\"position\":2,\"name\":\"Datenschutzerkl\u00e4rung\"}]},{\"@type\":\"WebSite\",\"@id\":\"https:\/\/interculturacostarica.com\/de\/#website\",\"url\":\"https:\/\/interculturacostarica.com\/de\/\",\"name\":\"Intercultura Costa Rica\",\"description\":\"Spanish Language School\",\"publisher\":{\"@id\":\"https:\/\/interculturacostarica.com\/de\/#organization\"},\"potentialAction\":[{\"@type\":\"SearchAction\",\"target\":{\"@type\":\"EntryPoint\",\"urlTemplate\":\"https:\/\/interculturacostarica.com\/de\/?s={search_term_string}\"},\"query-input\":{\"@type\":\"PropertyValueSpecification\",\"valueRequired\":true,\"valueName\":\"search_term_string\"}}],\"inLanguage\":\"de\"},{\"@type\":\"Organization\",\"@id\":\"https:\/\/interculturacostarica.com\/de\/#organization\",\"name\":\"Intercultura Costa Rica Spanish Schools\",\"url\":\"https:\/\/interculturacostarica.com\/de\/\",\"logo\":{\"@type\":\"ImageObject\",\"inLanguage\":\"de\",\"@id\":\"https:\/\/interculturacostarica.com\/de\/#\/schema\/logo\/image\/\",\"url\":\"https:\/\/mlxutj2caz9y.i.optimole.com\/w:500\/h:500\/q:mauto\/f:best\/https:\/\/interculturacostarica.com\/wp-content\/uploads\/2019\/03\/isotipo-e1553537413520.png\",\"contentUrl\":\"https:\/\/mlxutj2caz9y.i.optimole.com\/w:500\/h:500\/q:mauto\/f:best\/https:\/\/interculturacostarica.com\/wp-content\/uploads\/2019\/03\/isotipo-e1553537413520.png\",\"width\":500,\"height\":500,\"caption\":\"Intercultura Costa Rica Spanish Schools\"},\"image\":{\"@id\":\"https:\/\/interculturacostarica.com\/de\/#\/schema\/logo\/image\/\"},\"sameAs\":[\"https:\/\/www.facebook.com\/InterculturaCostaRica\",\"https:\/\/www.instagram.com\/interculturacostarica\/\",\"https:\/\/www.pinterest.de\/costaricaschool\/_created\/\",\"https:\/\/www.youtube.com\/user\/Intercultura01\"],\"description\":\"Recently named one of the \u201c7 Best Spanish Schools in the World\u201d, Intercultura Costa Rica has a variety of Spanish programs for all ages and learners. You can learn Spanish in Costa Rica with our internationally recognized Spanish programs, offered year-round at both city and beachfront campuses. Each Spanish course is designed for full immersion in real-life contexts and social interactions.\",\"email\":\"info@interculturacostarica.com\",\"telephone\":\"+(506)-2656-3000\",\"legalName\":\"Samara Language School S.A.\"}]}<\/script>\n<!-- \/ Yoast SEO Premium plugin. -->","yoast_head_json":{"title":"Datenschutzerkl\u00e4rung - Intercultura Costa Rica","robots":{"index":"index","follow":"follow","max-snippet":"max-snippet:-1","max-image-preview":"max-image-preview:large","max-video-preview":"max-video-preview:-1"},"canonical":"https:\/\/interculturacostarica.com\/de\/datenschutzerklaerung\/","og_locale":"de_DE","og_type":"article","og_title":"Spanish Immersion School Intercultura Costa Rica","og_description":"At Intercultura Costa Rica Spanish School we offer a Spanish immersion program that suits all ages and Spanish levels. Study at our beachfront campus or city campus in Costa Rica.","og_url":"https:\/\/interculturacostarica.com\/de\/datenschutzerklaerung\/","og_site_name":"Intercultura Costa Rica","article_publisher":"https:\/\/www.facebook.com\/InterculturaCostaRica","article_modified_time":"2024-04-03T22:01:49+00:00","og_image":[{"width":1920,"height":1440,"url":"https:\/\/mlal7urcwwck.i.optimole.com\/w:auto\/h:auto\/q:mauto\/f:best\/https:\/\/interculturacostarica.com\/wp-content\/uploads\/2021\/09\/Spanish-on-Campus-WebP.webp","type":"image\/webp"}],"twitter_card":"summary_large_image","twitter_misc":{"Gesch\u00e4tzte Lesezeit":"4\u00a0Minuten"},"schema":{"@context":"https:\/\/schema.org","@graph":[{"@type":"Article","@id":"https:\/\/interculturacostarica.com\/de\/datenschutzerklaerung\/#article","isPartOf":{"@id":"https:\/\/interculturacostarica.com\/de\/datenschutzerklaerung\/"},"author":{"name":"","@id":""},"headline":"Datenschutzerkl\u00e4rung","datePublished":"2023-06-06T18:51:19+00:00","dateModified":"2024-04-03T22:01:49+00:00","mainEntityOfPage":{"@id":"https:\/\/interculturacostarica.com\/de\/datenschutzerklaerung\/"},"wordCount":11,"publisher":{"@id":"https:\/\/interculturacostarica.com\/de\/#organization"},"inLanguage":"de"},{"@type":"WebPage","@id":"https:\/\/interculturacostarica.com\/de\/datenschutzerklaerung\/","url":"https:\/\/interculturacostarica.com\/de\/datenschutzerklaerung\/","name":"Datenschutzerkl\u00e4rung - Intercultura Costa Rica","isPartOf":{"@id":"https:\/\/interculturacostarica.com\/de\/#website"},"datePublished":"2023-06-06T18:51:19+00:00","dateModified":"2024-04-03T22:01:49+00:00","breadcrumb":{"@id":"https:\/\/interculturacostarica.com\/de\/datenschutzerklaerung\/#breadcrumb"},"inLanguage":"de","potentialAction":[{"@type":"ReadAction","target":["https:\/\/interculturacostarica.com\/de\/datenschutzerklaerung\/"]}]},{"@type":"BreadcrumbList","@id":"https:\/\/interculturacostarica.com\/de\/datenschutzerklaerung\/#breadcrumb","itemListElement":[{"@type":"ListItem","position":1,"name":"Home","item":"https:\/\/interculturacostarica.com\/de\/"},{"@type":"ListItem","position":2,"name":"Datenschutzerkl\u00e4rung"}]},{"@type":"WebSite","@id":"https:\/\/interculturacostarica.com\/de\/#website","url":"https:\/\/interculturacostarica.com\/de\/","name":"Intercultura Costa Rica","description":"Spanish Language School","publisher":{"@id":"https:\/\/interculturacostarica.com\/de\/#organization"},"potentialAction":[{"@type":"SearchAction","target":{"@type":"EntryPoint","urlTemplate":"https:\/\/interculturacostarica.com\/de\/?s={search_term_string}"},"query-input":{"@type":"PropertyValueSpecification","valueRequired":true,"valueName":"search_term_string"}}],"inLanguage":"de"},{"@type":"Organization","@id":"https:\/\/interculturacostarica.com\/de\/#organization","name":"Intercultura Costa Rica Spanish Schools","url":"https:\/\/interculturacostarica.com\/de\/","logo":{"@type":"ImageObject","inLanguage":"de","@id":"https:\/\/interculturacostarica.com\/de\/#\/schema\/logo\/image\/","url":"https:\/\/mlxutj2caz9y.i.optimole.com\/w:500\/h:500\/q:mauto\/f:best\/https:\/\/interculturacostarica.com\/wp-content\/uploads\/2019\/03\/isotipo-e1553537413520.png","contentUrl":"https:\/\/mlxutj2caz9y.i.optimole.com\/w:500\/h:500\/q:mauto\/f:best\/https:\/\/interculturacostarica.com\/wp-content\/uploads\/2019\/03\/isotipo-e1553537413520.png","width":500,"height":500,"caption":"Intercultura Costa Rica Spanish Schools"},"image":{"@id":"https:\/\/interculturacostarica.com\/de\/#\/schema\/logo\/image\/"},"sameAs":["https:\/\/www.facebook.com\/InterculturaCostaRica","https:\/\/www.instagram.com\/interculturacostarica\/","https:\/\/www.pinterest.de\/costaricaschool\/_created\/","https:\/\/www.youtube.com\/user\/Intercultura01"],"description":"Recently named one of the \u201c7 Best Spanish Schools in the World\u201d, Intercultura Costa Rica has a variety of Spanish programs for all ages and learners. You can learn Spanish in Costa Rica with our internationally recognized Spanish programs, offered year-round at both city and beachfront campuses. Each Spanish course is designed for full immersion in real-life contexts and social interactions.","email":"info@interculturacostarica.com","telephone":"+(506)-2656-3000","legalName":"Samara Language School S.A."}]}},"_links":{"self":[{"href":"https:\/\/interculturacostarica.com\/de\/wp-json\/wp\/v2\/pages\/60223","targetHints":{"allow":["GET"]}}],"collection":[{"href":"https:\/\/interculturacostarica.com\/de\/wp-json\/wp\/v2\/pages"}],"about":[{"href":"https:\/\/interculturacostarica.com\/de\/wp-json\/wp\/v2\/types\/page"}],"replies":[{"embeddable":true,"href":"https:\/\/interculturacostarica.com\/de\/wp-json\/wp\/v2\/comments?post=60223"}],"version-history":[{"count":0,"href":"https:\/\/interculturacostarica.com\/de\/wp-json\/wp\/v2\/pages\/60223\/revisions"}],"wp:attachment":[{"href":"https:\/\/interculturacostarica.com\/de\/wp-json\/wp\/v2\/media?parent=60223"}],"curies":[{"name":"wp","href":"https:\/\/api.w.org\/{rel}","templated":true}]}}