{"id":60224,"date":"2023-06-06T19:02:51","date_gmt":"2023-06-06T19:02:51","guid":{"rendered":"https:\/\/interculturacostarica.com\/?page_id=60224"},"modified":"2026-04-09T17:29:41","modified_gmt":"2026-04-09T17:29:41","slug":"politique-de-confidentialite","status":"publish","type":"page","link":"https:\/\/interculturacostarica.com\/fr\/politique-de-confidentialite\/","title":{"rendered":"Politique de confidentialit\u00e9"},"content":{"rendered":"<div id=\"pl-60224\"  class=\"panel-layout\" ><div id=\"pg-60224-0\"  class=\"panel-grid panel-no-style\" ><div id=\"pgc-60224-0-0\"  class=\"panel-grid-cell\" ><div id=\"panel-60224-0-0-0\" class=\"widget_text so-panel widget widget_custom_html panel-first-child panel-last-child\" data-index=\"0\" ><div class=\"textwidget custom-html-widget\"><h2 class=\"privacy-policy-h1\">Politique de Confidentialit\u00e9<\/h2>\n<br><span>Derni\u00e8re mise \u00e0 jour le 02 avril 2024<\/span>\n<br><span>Date d'efficacit\u00e9 02 avril 2024<\/span>\n\n<p class=\"privacy-policy-p\">\n    Cette Politique de Confidentialit\u00e9 d\u00e9crit les politiques de\n\n    \u00c9cole de Langue S\u00e1mara,\n    150 m\u00e8tres au sud de l'Hostel El Dorado, en face de la plage, S\u00e1mara,\n    S\u00e1mara, Nicoya, Guanacaste\n    50205,\n    Costa Rica,\n    email : hola@conkalmastudio.com,\n    t\u00e9l\u00e9phone : +50626563000\n\n    concernant la collecte, l'utilisation et la divulgation de vos informations que nous recueillons\n    lorsque vous utilisez notre site web ( https:\/\/interculturacostarica.com ).\n    (le \u00ab Service \u00bb). En acc\u00e9dant ou en utilisant\n    le\n    Service, vous consentez \u00e0 la collecte, \u00e0 l'utilisation et \u00e0 la\n    divulgation de vos informations conform\u00e9ment \u00e0 cette\n    Politique de Confidentialit\u00e9. Si vous ne consentez pas \u00e0 cela,\n    veuillez ne pas acc\u00e9der ou utiliser le Service.\n<\/p>\n\n<p class=\"privacy-policy-p\">\n    Nous pouvons modifier cette Politique de Confidentialit\u00e9 \u00e0 tout moment sans\n    aucun pr\u00e9avis \u00e0 votre \u00e9gard et publierons la Politique de Confidentialit\u00e9 r\u00e9vis\u00e9e\n    sur le Service. La Politique r\u00e9vis\u00e9e sera\n    effective 180 jours apr\u00e8s sa publication sur le Service et votre\n    acc\u00e8s continu ou l'utilisation du Service apr\u00e8s ce temps\n    constituera votre acceptation de la Politique de Confidentialit\u00e9 r\u00e9vis\u00e9e. Nous vous recommandons donc de consulter p\u00e9riodiquement cette page.\n<\/p>\n\n<ol class=\"privacy-policy-ol\">\n        <li>\n        <h2 class=\"privacy-policy-h2\">\n            Informations que nous collectons :\n        <\/h2>\n\n        \n        <p class=\"privacy-policy-p\">\n            Nous collecterons et traiterons les informations personnelles suivantes \u00e0 votre sujet :\n        <\/p>\n        <ol class=\"privacy-policy-ol\">\n\n                        <li>Nom<\/li>\n            \n                        <li>Email<\/li>\n            \n                        <li>Mobile<\/li>\n            \n            \n                        <li>Date de naissance<\/li>\n            \n                        <li>Adresse<\/li>\n            \n            \n                        <li>Infos de paiement<\/li>\n                        \n                                    <li>Genre<\/li>\n                                                <li>Profession<\/li>\n                        \n        <\/ol>\n        \n\n        \n\n    <\/li>\n\n    \n    \n\n        <li>\n        <h2 class=\"privacy-policy-h2\">\n            Comment nous utilisons vos informations :\n        <\/h2>\n        <p class=\"privacy-policy-p\">\n            Nous utiliserons les informations que nous collectons \u00e0 votre sujet pour les fins suivantes :\n        <\/p>\n        <ol class=\"privacy-policy-ol\">\n\n                        <li>Marketing \/ Promotionnel<\/li>\n            \n                        <li>Cr\u00e9ation de compte utilisateur<\/li>\n            \n                        <li>T\u00e9moignages<\/li>\n            \n                        <li>Collecte de retours clients<\/li>\n            \n            \n                        <li>Traitement des paiements<\/li>\n            \n                        <li>Support<\/li>\n            \n                        <li>Infos d'administration<\/li>\n            \n                        <li>Publicit\u00e9 cibl\u00e9e<\/li>\n            \n                        <li>Gestion de commande client<\/li>\n            \n            \n            \n            \n            \n        <\/ol>\n        <p class=\"privacy-policy-p\">\n            Si nous souhaitons utiliser vos informations \u00e0 d'autres fins, nous vous demanderons votre consentement et\n            n'utiliserons vos informations qu'apr\u00e8s avoir re\u00e7u votre\n            consentement et ensuite, uniquement pour les fins pour lesquelles vous avez donn\u00e9 votre consentement, sauf obligation l\u00e9gale de faire autrement.\n        <\/p>\n    <\/li>\n    \n    \n    <li>\n        <h2 class=\"privacy-policy-h2\">\n            Comment nous partageons vos informations :\n        <\/h2>\n\n\n                <p class=\"privacy-policy-p\">\n            Nous ne transf\u00e9rerons pas vos informations personnelles \u00e0 des tiers sans obtenir votre consentement,\n            sauf dans des circonstances limit\u00e9es d\u00e9crites\n            ci-dessous :\n        <\/p>\n        <ol class=\"privacy-policy-ol\">\n                        <li>Service de publicit\u00e9<\/li>\n            \n            \n            \n            \n                        <li>Analytique<\/li>\n            \n                        <li>Services de r\u00e9cup\u00e9ration de paiement<\/li>\n            \n                        <li>Collecte et traitement des donn\u00e9es<\/li>\n                    <\/ol>\n        \n        <p class=\"privacy-policy-p\">\n            Nous exigeons que ces tiers utilisent les\n            informations personnelles que nous leur transf\u00e9rons uniquement\n            dans le but pour lequel elles ont \u00e9t\u00e9 transf\u00e9r\u00e9es et ne les conservent pas plus longtemps que n\u00e9cessaire pour\n            atteindre ledit but.\n        <\/p>\n        <p class=\"privacy-policy-p\">\n            Nous pouvons \u00e9galement divulguer vos informations personnelles pour les raisons suivantes : (1) pour se conformer \u00e0 la loi applicable, \u00e0 la r\u00e9glementation, \u00e0 une ordonnance judiciaire ou \u00e0 d'autres processus l\u00e9gaux ; (2) pour faire respecter vos accords avec nous,\n            y compris cette Politique de Confidentialit\u00e9 ; ou (3) pour r\u00e9pondre\n            aux r\u00e9clamations que votre utilisation du Service viole\n            les droits de tiers. Si le Service ou notre\n            entreprise est fusionn\u00e9 ou acquis par une autre\n            entreprise, vos informations feront partie des\n            actifs transf\u00e9r\u00e9s au nouveau propri\u00e9taire.\n        <\/p>\n    <\/li>\n    \n\n        <li>\n        <h2 class=\"privacy-policy-h2\">\n            Conservation de vos informations :\n        <\/h2>\n        <p class=\"privacy-policy-p\">\n            Nous conserverons vos informations personnelles chez nous\n                        de 90 jours \u00e0 2 ans apr\u00e8s la r\u00e9siliation de leur compte par les utilisateurs\n                        ou aussi longtemps que nous en aurons besoin pour accomplir les fins pour\n            lesquelles elles ont \u00e9t\u00e9 collect\u00e9es comme d\u00e9taill\u00e9 dans cette\n            Politique de Confidentialit\u00e9. Nous pouvons \u00eatre amen\u00e9s \u00e0 conserver certaines\n            informations plus longtemps pour des raisons telles que la tenue de registres \/ rapports conform\u00e9ment\n            \u00e0 la loi applicable ou pour d'autres raisons l\u00e9gitimes\n            comme l'ex\u00e9cution de droits l\u00e9gaux, la pr\u00e9vention de la fraude, etc. Les informations anonymes r\u00e9siduelles\n            et les informations agr\u00e9g\u00e9es, qui ne vous identifient pas (directement ou indirectement), peuvent \u00eatre stock\u00e9es ind\u00e9finiment.\n        <\/p>\n    <\/li>\n    \n    <li>\n        <h2 class=\"privacy-policy-h2\">\n            Vos droits :\n        <\/h2>\n        <p class=\"privacy-policy-p\">\n            Selon la loi applicable, vous pouvez avoir le droit d'acc\u00e9der et de rectifier ou d'effacer vos\n            donn\u00e9es personnelles ou de recevoir une copie de vos donn\u00e9es personnelles, de restreindre ou de vous opposer \u00e0 l'active\n            traitement de vos donn\u00e9es, de nous demander de partager (porter)\n            vos informations personnelles \u00e0 une autre entit\u00e9,\n            de retirer tout consentement que vous nous avez donn\u00e9 pour traiter vos donn\u00e9es, un droit de d\u00e9poser une plainte\n            aupr\u00e8s d'une autorit\u00e9 statutaire et d'autres droits\n            pertinents en vertu des lois applicables. Pour\n            exercer ces droits, vous pouvez nous \u00e9crire \u00e0\n            info@interculturacostarica.com.\n            Nous r\u00e9pondrons \u00e0 votre\n            demande conform\u00e9ment \u00e0 la loi applicable.\n        <\/p>\n\n                <p class=\"privacy-policy-p\">\n            Vous pouvez vous d\u00e9sinscrire des communications de marketing direct ou du profilage que nous r\u00e9alisons \u00e0 des fins\n            de marketing en nous \u00e9crivant \u00e0\n            info@interculturacostarica.com.\n        <\/p>\n        \n        <p class=\"privacy-policy-p\">\n            Veuillez noter que si vous ne nous permettez pas de collecter ou de traiter les informations personnelles n\u00e9cessaires ou retirez le consentement pour traiter ces informations pour les fins n\u00e9cessaires, vous pourriez ne pas \u00eatre en mesure d'acc\u00e9der ou d'utiliser les services pour lesquels vos informations ont \u00e9t\u00e9 demand\u00e9es.\n        <\/p>\n    <\/li>\n        <li>\n        <h2 class=\"privacy-policy-h2\">\n            Cookies, etc.\n        <\/h2>\n        <p class=\"privacy-policy-p\">\n\n            \n            Pour en savoir plus sur comment nous utilisons ces\n            technologies de suivi et vos choix concernant ces technologies, veuillez vous r\u00e9f\u00e9rer \u00e0 notre\n            <a href=\"https:\/\/interculturacostarica.com\/cookie-policy\/\">Politique sur les cookies.<\/a>\n        <\/p>\n    <\/li>\n    \n    <li>\n        <h2 class=\"privacy-policy-h2\">\n            S\u00e9curit\u00e9 :\n        <\/h2>\n        <p class=\"privacy-policy-p\">\n            La s\u00e9curit\u00e9 de vos informations est importante pour\n            nous et nous utiliserons des mesures de s\u00e9curit\u00e9 raisonnables\n            pour pr\u00e9venir la perte, l'utilisation abusive ou l'alt\u00e9ration non autoris\u00e9e de vos informations sous notre\n            contr\u00f4le. Cependant, compte tenu des risques inh\u00e9rents, nous\n            ne pouvons pas garantir une s\u00e9curit\u00e9 absolue et\n            en cons\u00e9quence, nous ne pouvons pas assurer ou garantir la\n            s\u00e9curit\u00e9 de toute information que vous nous transmettez\n            et vous le faites \u00e0 vos propres risques.\n        <\/p>\n    <\/li>\n\n        <li>\n        <h2 class=\"privacy-policy-h2\">\n            Liens Tiers & Utilisation de Vos Informations :\n        <\/h2>\n        <p class=\"privacy-policy-p\">\n            Notre Service peut contenir des liens vers d'autres sites web\n            qui ne sont pas exploit\u00e9s par nous. Cette Politique de Confidentialit\u00e9 ne traite pas de la politique de confidentialit\u00e9 et des autres pratiques de tout tiers, y compris tout tiers op\u00e9rant un site web ou un service\n            accessible via un lien sur le\n            Service. Nous vous conseillons vivement de consulter la politique de confidentialit\u00e9 de chaque site que vous visitez. Nous n'avons aucun contr\u00f4le sur et n'assumons aucune responsabilit\u00e9 pour le contenu, les politiques de confidentialit\u00e9 ou les pratiques des sites ou services de tiers.\n        <\/p>\n    <\/li>\n    \n    <li>\n        <h2 class=\"privacy-policy-h2\">\n            Officier de Plaintes \/ Protection des Donn\u00e9es :\n        <\/h2>\n        <p class=\"privacy-policy-p\">\n            Si vous avez des questions ou des pr\u00e9occupations concernant le traitement de vos informations disponibles chez nous, vous pouvez envoyer un courriel \u00e0 notre Officier de Plaintes \u00e0\n            \u00c9cole de Langue S\u00e1mara,\n            150 m\u00e8tres au sud de l'Hostel El Dorado, en face de la plage, S\u00e1mara,\n            email : info@interculturacostarica.com.\n            Nous traiterons vos pr\u00e9occupations conform\u00e9ment \u00e0 la loi applicable.\n        <\/p>\n    <\/li>\n<\/ol>\n<p class=\"privacy-policy-p\">\n    Politique de Confidentialit\u00e9 g\u00e9n\u00e9r\u00e9e avec <a target=\"_blank\" href=\"https:\/\/www.cookieyes.com\/?utm_source=PP&utm_medium=footer&utm_campaign=UW\">CookieYes<\/a>.\n<\/p><\/div><\/div><\/div><\/div><\/div>","protected":false},"excerpt":{"rendered":"<p>Politique de Confidentialit\u00e9 Derni\u00e8re mise \u00e0 jour le 02 avril 2024 Date d&rsquo;efficacit\u00e9 02 avril 2024 Cette Politique de Confidentialit\u00e9 d\u00e9crit les politiques de \u00c9cole de Langue S\u00e1mara, 150 m\u00e8tres au sud de l&rsquo;Hostel El Dorado, en face de la &hellip; <\/p>\n","protected":false},"author":23,"featured_media":0,"parent":0,"menu_order":0,"comment_status":"closed","ping_status":"closed","template":"","meta":{"content-type":"","footnotes":""},"class_list":["post-60224","page","type-page","status-publish","hentry"],"yoast_head":"<!-- This site is optimized with the Yoast SEO Premium plugin v27.0 (Yoast SEO v27.2) - https:\/\/yoast.com\/product\/yoast-seo-premium-wordpress\/ -->\n<title>Politique de confidentialit\u00e9 - Intercultura Costa Rica<\/title>\n<meta name=\"robots\" content=\"index, follow, max-snippet:-1, max-image-preview:large, max-video-preview:-1\" \/>\n<link rel=\"canonical\" href=\"https:\/\/interculturacostarica.com\/fr\/politique-de-confidentialite\/\" \/>\n<meta property=\"og:locale\" content=\"fr_FR\" \/>\n<meta property=\"og:type\" content=\"article\" \/>\n<meta property=\"og:title\" content=\"Spanish Immersion School Intercultura Costa Rica\" \/>\n<meta property=\"og:description\" content=\"At Intercultura Costa Rica Spanish School we offer a Spanish immersion program that suits all ages and Spanish levels. Study at our beachfront campus or city campus in Costa Rica.\" \/>\n<meta property=\"og:url\" content=\"https:\/\/interculturacostarica.com\/fr\/politique-de-confidentialite\/\" \/>\n<meta property=\"og:site_name\" content=\"Intercultura Costa Rica\" \/>\n<meta property=\"article:publisher\" content=\"https:\/\/www.facebook.com\/InterculturaCostaRica\" \/>\n<meta property=\"article:modified_time\" content=\"2026-04-09T17:29:41+00:00\" \/>\n<meta property=\"og:image\" content=\"https:\/\/mlal7urcwwck.i.optimole.com\/w:auto\/h:auto\/q:mauto\/f:best\/https:\/\/interculturacostarica.com\/wp-content\/uploads\/2021\/09\/Spanish-on-Campus-WebP.webp\" \/>\n\t<meta property=\"og:image:width\" content=\"1920\" \/>\n\t<meta property=\"og:image:height\" content=\"1440\" \/>\n\t<meta property=\"og:image:type\" content=\"image\/webp\" \/>\n<meta name=\"twitter:card\" content=\"summary_large_image\" \/>\n<meta name=\"twitter:label1\" content=\"Dur\u00e9e de lecture estim\u00e9e\" \/>\n\t<meta name=\"twitter:data1\" content=\"5 minutes\" \/>\n<script type=\"application\/ld+json\" class=\"yoast-schema-graph\">{\"@context\":\"https:\/\/schema.org\",\"@graph\":[{\"@type\":\"Article\",\"@id\":\"https:\/\/interculturacostarica.com\/fr\/politique-de-confidentialite\/#article\",\"isPartOf\":{\"@id\":\"https:\/\/interculturacostarica.com\/fr\/politique-de-confidentialite\/\"},\"author\":{\"name\":\"avillegas@interculturacostarica.com\",\"@id\":\"https:\/\/interculturacostarica.com\/fr\/#\/schema\/person\/9da9b8aaa84a4986d6fab16adb5bc43f\"},\"headline\":\"Politique de confidentialit\u00e9\",\"datePublished\":\"2023-06-06T19:02:51+00:00\",\"dateModified\":\"2026-04-09T17:29:41+00:00\",\"mainEntityOfPage\":{\"@id\":\"https:\/\/interculturacostarica.com\/fr\/politique-de-confidentialite\/\"},\"wordCount\":12,\"publisher\":{\"@id\":\"https:\/\/interculturacostarica.com\/fr\/#organization\"},\"inLanguage\":\"fr-FR\"},{\"@type\":\"WebPage\",\"@id\":\"https:\/\/interculturacostarica.com\/fr\/politique-de-confidentialite\/\",\"url\":\"https:\/\/interculturacostarica.com\/fr\/politique-de-confidentialite\/\",\"name\":\"Politique de confidentialit\u00e9 - Intercultura Costa Rica\",\"isPartOf\":{\"@id\":\"https:\/\/interculturacostarica.com\/fr\/#website\"},\"datePublished\":\"2023-06-06T19:02:51+00:00\",\"dateModified\":\"2026-04-09T17:29:41+00:00\",\"breadcrumb\":{\"@id\":\"https:\/\/interculturacostarica.com\/fr\/politique-de-confidentialite\/#breadcrumb\"},\"inLanguage\":\"fr-FR\",\"potentialAction\":[{\"@type\":\"ReadAction\",\"target\":[\"https:\/\/interculturacostarica.com\/fr\/politique-de-confidentialite\/\"]}]},{\"@type\":\"BreadcrumbList\",\"@id\":\"https:\/\/interculturacostarica.com\/fr\/politique-de-confidentialite\/#breadcrumb\",\"itemListElement\":[{\"@type\":\"ListItem\",\"position\":1,\"name\":\"Home\",\"item\":\"https:\/\/interculturacostarica.com\/fr\/\"},{\"@type\":\"ListItem\",\"position\":2,\"name\":\"Politique de confidentialit\u00e9\"}]},{\"@type\":\"WebSite\",\"@id\":\"https:\/\/interculturacostarica.com\/fr\/#website\",\"url\":\"https:\/\/interculturacostarica.com\/fr\/\",\"name\":\"Intercultura Costa Rica\",\"description\":\"Spanish Language School\",\"publisher\":{\"@id\":\"https:\/\/interculturacostarica.com\/fr\/#organization\"},\"potentialAction\":[{\"@type\":\"SearchAction\",\"target\":{\"@type\":\"EntryPoint\",\"urlTemplate\":\"https:\/\/interculturacostarica.com\/fr\/?s={search_term_string}\"},\"query-input\":{\"@type\":\"PropertyValueSpecification\",\"valueRequired\":true,\"valueName\":\"search_term_string\"}}],\"inLanguage\":\"fr-FR\"},{\"@type\":\"Organization\",\"@id\":\"https:\/\/interculturacostarica.com\/fr\/#organization\",\"name\":\"Intercultura Costa Rica Spanish Schools\",\"url\":\"https:\/\/interculturacostarica.com\/fr\/\",\"logo\":{\"@type\":\"ImageObject\",\"inLanguage\":\"fr-FR\",\"@id\":\"https:\/\/interculturacostarica.com\/fr\/#\/schema\/logo\/image\/\",\"url\":\"https:\/\/mlxutj2caz9y.i.optimole.com\/w:500\/h:500\/q:mauto\/f:best\/https:\/\/interculturacostarica.com\/wp-content\/uploads\/2019\/03\/isotipo-e1553537413520.png\",\"contentUrl\":\"https:\/\/mlxutj2caz9y.i.optimole.com\/w:500\/h:500\/q:mauto\/f:best\/https:\/\/interculturacostarica.com\/wp-content\/uploads\/2019\/03\/isotipo-e1553537413520.png\",\"width\":500,\"height\":500,\"caption\":\"Intercultura Costa Rica Spanish Schools\"},\"image\":{\"@id\":\"https:\/\/interculturacostarica.com\/fr\/#\/schema\/logo\/image\/\"},\"sameAs\":[\"https:\/\/www.facebook.com\/InterculturaCostaRica\",\"https:\/\/www.instagram.com\/interculturacostarica\/\",\"https:\/\/www.pinterest.de\/costaricaschool\/_created\/\",\"https:\/\/www.youtube.com\/user\/Intercultura01\"],\"description\":\"Recently named one of the \u201c7 Best Spanish Schools in the World\u201d, Intercultura Costa Rica has a variety of Spanish programs for all ages and learners. You can learn Spanish in Costa Rica with our internationally recognized Spanish programs, offered year-round at both city and beachfront campuses. Each Spanish course is designed for full immersion in real-life contexts and social interactions.\",\"email\":\"info@interculturacostarica.com\",\"telephone\":\"+(506)-2656-3000\",\"legalName\":\"Samara Language School S.A.\"},{\"@type\":\"Person\",\"@id\":\"https:\/\/interculturacostarica.com\/fr\/#\/schema\/person\/9da9b8aaa84a4986d6fab16adb5bc43f\",\"name\":\"avillegas@interculturacostarica.com\",\"image\":{\"@type\":\"ImageObject\",\"inLanguage\":\"fr-FR\",\"@id\":\"https:\/\/secure.gravatar.com\/avatar\/d3b6823d25b003f9f07d9387d107a44c16c2f2a684bdc9fa91252bd453f00faf?s=96&d=mm&r=g\",\"url\":\"https:\/\/secure.gravatar.com\/avatar\/d3b6823d25b003f9f07d9387d107a44c16c2f2a684bdc9fa91252bd453f00faf?s=96&d=mm&r=g\",\"contentUrl\":\"https:\/\/secure.gravatar.com\/avatar\/d3b6823d25b003f9f07d9387d107a44c16c2f2a684bdc9fa91252bd453f00faf?s=96&d=mm&r=g\",\"caption\":\"avillegas@interculturacostarica.com\"}}]}<\/script>\n<!-- \/ Yoast SEO Premium plugin. -->","yoast_head_json":{"title":"Politique de confidentialit\u00e9 - Intercultura Costa Rica","robots":{"index":"index","follow":"follow","max-snippet":"max-snippet:-1","max-image-preview":"max-image-preview:large","max-video-preview":"max-video-preview:-1"},"canonical":"https:\/\/interculturacostarica.com\/fr\/politique-de-confidentialite\/","og_locale":"fr_FR","og_type":"article","og_title":"Spanish Immersion School Intercultura Costa Rica","og_description":"At Intercultura Costa Rica Spanish School we offer a Spanish immersion program that suits all ages and Spanish levels. Study at our beachfront campus or city campus in Costa Rica.","og_url":"https:\/\/interculturacostarica.com\/fr\/politique-de-confidentialite\/","og_site_name":"Intercultura Costa Rica","article_publisher":"https:\/\/www.facebook.com\/InterculturaCostaRica","article_modified_time":"2026-04-09T17:29:41+00:00","og_image":[{"width":1920,"height":1440,"url":"https:\/\/mlal7urcwwck.i.optimole.com\/w:auto\/h:auto\/q:mauto\/f:best\/https:\/\/interculturacostarica.com\/wp-content\/uploads\/2021\/09\/Spanish-on-Campus-WebP.webp","type":"image\/webp"}],"twitter_card":"summary_large_image","twitter_misc":{"Dur\u00e9e de lecture estim\u00e9e":"5 minutes"},"schema":{"@context":"https:\/\/schema.org","@graph":[{"@type":"Article","@id":"https:\/\/interculturacostarica.com\/fr\/politique-de-confidentialite\/#article","isPartOf":{"@id":"https:\/\/interculturacostarica.com\/fr\/politique-de-confidentialite\/"},"author":{"name":"avillegas@interculturacostarica.com","@id":"https:\/\/interculturacostarica.com\/fr\/#\/schema\/person\/9da9b8aaa84a4986d6fab16adb5bc43f"},"headline":"Politique de confidentialit\u00e9","datePublished":"2023-06-06T19:02:51+00:00","dateModified":"2026-04-09T17:29:41+00:00","mainEntityOfPage":{"@id":"https:\/\/interculturacostarica.com\/fr\/politique-de-confidentialite\/"},"wordCount":12,"publisher":{"@id":"https:\/\/interculturacostarica.com\/fr\/#organization"},"inLanguage":"fr-FR"},{"@type":"WebPage","@id":"https:\/\/interculturacostarica.com\/fr\/politique-de-confidentialite\/","url":"https:\/\/interculturacostarica.com\/fr\/politique-de-confidentialite\/","name":"Politique de confidentialit\u00e9 - Intercultura Costa Rica","isPartOf":{"@id":"https:\/\/interculturacostarica.com\/fr\/#website"},"datePublished":"2023-06-06T19:02:51+00:00","dateModified":"2026-04-09T17:29:41+00:00","breadcrumb":{"@id":"https:\/\/interculturacostarica.com\/fr\/politique-de-confidentialite\/#breadcrumb"},"inLanguage":"fr-FR","potentialAction":[{"@type":"ReadAction","target":["https:\/\/interculturacostarica.com\/fr\/politique-de-confidentialite\/"]}]},{"@type":"BreadcrumbList","@id":"https:\/\/interculturacostarica.com\/fr\/politique-de-confidentialite\/#breadcrumb","itemListElement":[{"@type":"ListItem","position":1,"name":"Home","item":"https:\/\/interculturacostarica.com\/fr\/"},{"@type":"ListItem","position":2,"name":"Politique de confidentialit\u00e9"}]},{"@type":"WebSite","@id":"https:\/\/interculturacostarica.com\/fr\/#website","url":"https:\/\/interculturacostarica.com\/fr\/","name":"Intercultura Costa Rica","description":"Spanish Language School","publisher":{"@id":"https:\/\/interculturacostarica.com\/fr\/#organization"},"potentialAction":[{"@type":"SearchAction","target":{"@type":"EntryPoint","urlTemplate":"https:\/\/interculturacostarica.com\/fr\/?s={search_term_string}"},"query-input":{"@type":"PropertyValueSpecification","valueRequired":true,"valueName":"search_term_string"}}],"inLanguage":"fr-FR"},{"@type":"Organization","@id":"https:\/\/interculturacostarica.com\/fr\/#organization","name":"Intercultura Costa Rica Spanish Schools","url":"https:\/\/interculturacostarica.com\/fr\/","logo":{"@type":"ImageObject","inLanguage":"fr-FR","@id":"https:\/\/interculturacostarica.com\/fr\/#\/schema\/logo\/image\/","url":"https:\/\/mlxutj2caz9y.i.optimole.com\/w:500\/h:500\/q:mauto\/f:best\/https:\/\/interculturacostarica.com\/wp-content\/uploads\/2019\/03\/isotipo-e1553537413520.png","contentUrl":"https:\/\/mlxutj2caz9y.i.optimole.com\/w:500\/h:500\/q:mauto\/f:best\/https:\/\/interculturacostarica.com\/wp-content\/uploads\/2019\/03\/isotipo-e1553537413520.png","width":500,"height":500,"caption":"Intercultura Costa Rica Spanish Schools"},"image":{"@id":"https:\/\/interculturacostarica.com\/fr\/#\/schema\/logo\/image\/"},"sameAs":["https:\/\/www.facebook.com\/InterculturaCostaRica","https:\/\/www.instagram.com\/interculturacostarica\/","https:\/\/www.pinterest.de\/costaricaschool\/_created\/","https:\/\/www.youtube.com\/user\/Intercultura01"],"description":"Recently named one of the \u201c7 Best Spanish Schools in the World\u201d, Intercultura Costa Rica has a variety of Spanish programs for all ages and learners. You can learn Spanish in Costa Rica with our internationally recognized Spanish programs, offered year-round at both city and beachfront campuses. Each Spanish course is designed for full immersion in real-life contexts and social interactions.","email":"info@interculturacostarica.com","telephone":"+(506)-2656-3000","legalName":"Samara Language School S.A."},{"@type":"Person","@id":"https:\/\/interculturacostarica.com\/fr\/#\/schema\/person\/9da9b8aaa84a4986d6fab16adb5bc43f","name":"avillegas@interculturacostarica.com","image":{"@type":"ImageObject","inLanguage":"fr-FR","@id":"https:\/\/secure.gravatar.com\/avatar\/d3b6823d25b003f9f07d9387d107a44c16c2f2a684bdc9fa91252bd453f00faf?s=96&d=mm&r=g","url":"https:\/\/secure.gravatar.com\/avatar\/d3b6823d25b003f9f07d9387d107a44c16c2f2a684bdc9fa91252bd453f00faf?s=96&d=mm&r=g","contentUrl":"https:\/\/secure.gravatar.com\/avatar\/d3b6823d25b003f9f07d9387d107a44c16c2f2a684bdc9fa91252bd453f00faf?s=96&d=mm&r=g","caption":"avillegas@interculturacostarica.com"}}]}},"_links":{"self":[{"href":"https:\/\/interculturacostarica.com\/fr\/wp-json\/wp\/v2\/pages\/60224","targetHints":{"allow":["GET"]}}],"collection":[{"href":"https:\/\/interculturacostarica.com\/fr\/wp-json\/wp\/v2\/pages"}],"about":[{"href":"https:\/\/interculturacostarica.com\/fr\/wp-json\/wp\/v2\/types\/page"}],"author":[{"embeddable":true,"href":"https:\/\/interculturacostarica.com\/fr\/wp-json\/wp\/v2\/users\/23"}],"replies":[{"embeddable":true,"href":"https:\/\/interculturacostarica.com\/fr\/wp-json\/wp\/v2\/comments?post=60224"}],"version-history":[{"count":1,"href":"https:\/\/interculturacostarica.com\/fr\/wp-json\/wp\/v2\/pages\/60224\/revisions"}],"predecessor-version":[{"id":74889,"href":"https:\/\/interculturacostarica.com\/fr\/wp-json\/wp\/v2\/pages\/60224\/revisions\/74889"}],"wp:attachment":[{"href":"https:\/\/interculturacostarica.com\/fr\/wp-json\/wp\/v2\/media?parent=60224"}],"curies":[{"name":"wp","href":"https:\/\/api.w.org\/{rel}","templated":true}]}}